{"id":249,"date":"2021-07-19T18:30:31","date_gmt":"2021-07-19T17:30:31","guid":{"rendered":"https:\/\/gesia-sielanka.pl\/?page_id=249"},"modified":"2023-02-02T21:45:57","modified_gmt":"2023-02-02T20:45:57","slug":"about-2","status":"publish","type":"page","link":"https:\/\/gesia-sielanka.pl\/","title":{"rendered":"Stronag\u0142\u00f3wna"},"content":{"rendered":"\n<div class=\"is-layout-constrained wp-block-group alignfull my-parallax-bg1\"><div class=\"wp-block-group__inner-container\">\n<figure class=\"wp-block-image size-large is-style-default my-opaq-bordr my-resize\"><img decoding=\"async\" loading=\"lazy\" width=\"1024\" height=\"647\" src=\"https:\/\/gesia-sielanka.pl\/wp-content\/uploads\/2021\/09\/DSC_0135m-e1652638582324-1024x647.jpg\" alt=\"\" class=\"wp-image-411\" srcset=\"https:\/\/gesia-sielanka.pl\/wp-content\/uploads\/2021\/09\/DSC_0135m-e1652638582324-1024x647.jpg 1024w, https:\/\/gesia-sielanka.pl\/wp-content\/uploads\/2021\/09\/DSC_0135m-e1652638582324-300x189.jpg 300w, https:\/\/gesia-sielanka.pl\/wp-content\/uploads\/2021\/09\/DSC_0135m-e1652638582324-768x485.jpg 768w, https:\/\/gesia-sielanka.pl\/wp-content\/uploads\/2021\/09\/DSC_0135m-e1652638582324.jpg 1151w\" sizes=\"(max-width: 1024px) 100vw, 1024px\" \/><\/figure>\n<\/div><\/div>\n\n\n\n<p>Zapraszamy do naszego ekologicznego domku z gliny, daj\u0105cego przyjemny ch\u0142\u00f3d podczas upa\u0142\u00f3w. To wymarzone miejsce dla wszystkich kochaj\u0105cych przyrod\u0119. Koj\u0105ce uczucie trawy pod bos\u0105 stop\u0105 w\u015br\u00f3d otaczaj\u0105cych pi\u0119knie wyeksponowanych drzewek, czy wypicie porannej kawy s\u0142ysz\u0105c \u015bpiew ptak\u00f3w, to ukojenie i wyciszenie.<br>Dom \u015bwie\u017co wyremontowany i dostosowany do wsp\u00f3\u0142czesnych warunk\u00f3w. G\u0119sia Sielanka, to idealne miejsce do wypoczynku, aktywnego sp\u0119dzania czasu i biesiadowania przy ognisku lub grillu. Obiekt mo\u017ce by\u0107 baz\u0105 wypadow\u0105 do pobliskich, bajecznych miast, gdy\u017c le\u017cy na trasie E\u0142k- Olecko.<\/p>\n\n\n\n<div class=\"is-layout-constrained wp-block-group\"><div class=\"wp-block-group__inner-container\">\n<p>Oferujemy :<\/p>\n\n\n\n<ul>\n<li>3 pokoje, kuchnia, \u0142azienka<\/li>\n\n\n\n<li>1 \u0142\u00f3\u017cko podw\u00f3jne<\/li>\n\n\n\n<li>4 \u0142\u00f3\u017cka pojedyncze<\/li>\n\n\n\n<li>kuchnia z wyposa\u017ceniem:\n<ul>\n<li>lod\u00f3wka z zamra\u017cark\u0105<\/li>\n\n\n\n<li>p\u0142yta ceramiczna<\/li>\n\n\n\n<li>piekarnik<\/li>\n\n\n\n<li>ekspres do kawy<\/li>\n\n\n\n<li>kuchenka mikrofalowa<\/li>\n\n\n\n<li>toster<\/li>\n\n\n\n<li>czajnik elektryczny<\/li>\n<\/ul>\n<\/li>\n\n\n\n<li>\u0142azienka z wyposa\u017ceniem:\n<ul>\n<li>pralka<\/li>\n\n\n\n<li>suszarka do w\u0142os\u00f3w<\/li>\n<\/ul>\n<\/li>\n\n\n\n<li>dost\u0119pne WiFi<\/li>\n\n\n\n<li>miejsca do zaparkowania samochodu na posesji<\/li>\n<\/ul>\n<\/div><\/div>\n\n\n\n<hr class=\"wp-block-separator has-css-opacity\"\/>\n\n\n\n<div class=\"is-layout-constrained wp-block-group\"><div class=\"wp-block-group__inner-container\">\n<p>NOWO\u015a\u0106<\/p>\n\n\n\n<p>Mamy przyjemno\u015b\u0107 udost\u0119pni\u0107 nowo wyremontowane (2022-08) pomieszczenie &#8222;Sala kominkowa&#8221; z:<\/p>\n\n\n\n<ul>\n<li>kominkiem<\/li>\n\n\n\n<li>sto\u0142em do bilarda \/ tenisa sto\u0142owego (nak\u0142adane blaty do tenisa)<\/li>\n<\/ul>\n<\/div><\/div>\n\n\n\n<hr class=\"wp-block-separator has-css-opacity\"\/>\n\n\n\n<div class=\"is-layout-constrained wp-block-group\"><div class=\"wp-block-group__inner-container\">\n<p>Ponadto oddajemy do Pa\u0144stwa dyspozycji:<\/p>\n\n\n\n<ul>\n<li>zadaszone miejsce na zewn\u0105trz (wiata) z wyposa\u017ceniem:\n<ul>\n<li>st\u00f3\u0142 z krzes\u0142ami<\/li>\n\n\n\n<li>hamak<\/li>\n\n\n\n<li>hu\u015btawka<\/li>\n<\/ul>\n<\/li>\n\n\n\n<li>le\u017caki ogrodowe<\/li>\n\n\n\n<li>niewielki basen ogrodowy (2000 l)<\/li>\n\n\n\n<li>hu\u015btawka ogrodowa &#8211; \u0142awa<\/li>\n\n\n\n<li>grill<\/li>\n\n\n\n<li>przygotowane miejsce na ognisko<\/li>\n\n\n\n<li>badminton, pi\u0142ki, karty, gry planszowe<\/li>\n<\/ul>\n<\/div><\/div>\n\n\n\n<hr class=\"wp-block-separator has-css-opacity\"\/>\n\n\n\n<p>Dom ca\u0142oroczny z ogrzewaniem pod\u0142ogowym. Du\u017ca powierzchnia dzia\u0142ki (64 ary) z du\u017c\u0105 ilo\u015bci\u0105 zieleni, w tym drzewek.<\/p>\n","protected":false},"excerpt":{"rendered":"<p>Zapraszamy do naszego ekologicznego domku z gliny, daj\u0105cego przyjemny ch\u0142\u00f3d podczas upa\u0142\u00f3w. To wymarzone miejsce dla wszystkich kochaj\u0105cych przyrod\u0119. Koj\u0105ce uczucie trawy pod bos\u0105 stop\u0105 w\u015br\u00f3d otaczaj\u0105cych pi\u0119knie wyeksponowanych drzewek, czy wypicie porannej kawy s\u0142ysz\u0105c \u015bpiew ptak\u00f3w, to ukojenie i wyciszenie.Dom \u015bwie\u017co wyremontowany i dostosowany do wsp\u00f3\u0142czesnych warunk\u00f3w. G\u0119sia Sielanka, to idealne miejsce do wypoczynku,&hellip; <a class=\"more-link\" href=\"https:\/\/gesia-sielanka.pl\/\">Czytaj dalej <span class=\"screen-reader-text\">Stronag\u0142\u00f3wna<\/span><\/a><\/p>\n","protected":false},"author":1,"featured_media":0,"parent":0,"menu_order":0,"comment_status":"closed","ping_status":"closed","template":"","meta":[],"_links":{"self":[{"href":"https:\/\/gesia-sielanka.pl\/index.php?rest_route=\/wp\/v2\/pages\/249"}],"collection":[{"href":"https:\/\/gesia-sielanka.pl\/index.php?rest_route=\/wp\/v2\/pages"}],"about":[{"href":"https:\/\/gesia-sielanka.pl\/index.php?rest_route=\/wp\/v2\/types\/page"}],"author":[{"embeddable":true,"href":"https:\/\/gesia-sielanka.pl\/index.php?rest_route=\/wp\/v2\/users\/1"}],"replies":[{"embeddable":true,"href":"https:\/\/gesia-sielanka.pl\/index.php?rest_route=%2Fwp%2Fv2%2Fcomments&post=249"}],"version-history":[{"count":91,"href":"https:\/\/gesia-sielanka.pl\/index.php?rest_route=\/wp\/v2\/pages\/249\/revisions"}],"predecessor-version":[{"id":894,"href":"https:\/\/gesia-sielanka.pl\/index.php?rest_route=\/wp\/v2\/pages\/249\/revisions\/894"}],"wp:attachment":[{"href":"https:\/\/gesia-sielanka.pl\/index.php?rest_route=%2Fwp%2Fv2%2Fmedia&parent=249"}],"curies":[{"name":"wp","href":"https:\/\/api.w.org\/{rel}","templated":true}]}}