{"id":535,"date":"2023-01-16T20:44:27","date_gmt":"2023-01-16T19:44:27","guid":{"rendered":"https:\/\/gesia-sielanka.pl\/?page_id=535"},"modified":"2023-05-02T20:05:08","modified_gmt":"2023-05-02T19:05:08","slug":"informacje","status":"publish","type":"page","link":"https:\/\/gesia-sielanka.pl\/?page_id=535","title":{"rendered":"Informacje"},"content":{"rendered":"\n<p>Kochani!<\/p>\n\n\n\n<div class=\"is-layout-constrained wp-block-group\"><div class=\"wp-block-group__inner-container\">\n<p>Okolica cicha, spokojna. Dom jest \u015bwie\u017co wyremontowany, pe\u0142ne wyposa\u017cenie.<\/p>\n\n\n\n<p>Dodatkowo w drugim budynku jest sala kominkowa ze sto\u0142em bilardowym lub do tenisa sto\u0142owego, a je\u015bli znudzi Ci si\u0119 przebywanie w domu lub sali kominkowej, to zapraszamy na \u015bwie\u017ce powietrze. Mo\u017cesz rozpali\u0107 ognisko.  <img decoding=\"async\" loading=\"lazy\" width=\"16\" height=\"16\" src=\"https:\/\/static.xx.fbcdn.net\/images\/emoji.php\/v9\/tce\/1.5\/16\/1f618.png\" alt=\"\ud83d\ude18\"> <\/p>\n\n\n\n<p>Ca\u0142y teren jest ogrodzony wi\u0119c spokojnie mo\u017cesz zabra\u0107 swojego pupila. Zarezerwuj termin, przyjed\u017a, odpocznij <img decoding=\"async\" loading=\"lazy\" src=\"https:\/\/static.xx.fbcdn.net\/images\/emoji.php\/v9\/t33\/1.5\/16\/2665.png\" alt=\"\u2665\ufe0f\" width=\"16\" height=\"16\"> <\/p>\n\n\n\n<p>Do zobaczenia <img decoding=\"async\" loading=\"lazy\" src=\"https:\/\/static.xx.fbcdn.net\/images\/emoji.php\/v9\/tce\/1.5\/16\/1f618.png\" alt=\"\ud83d\ude18\" width=\"16\" height=\"16\"><\/p>\n<\/div><\/div>\n","protected":false},"excerpt":{"rendered":"<p>Kochani! Okolica cicha, spokojna. Dom jest \u015bwie\u017co wyremontowany, pe\u0142ne wyposa\u017cenie. Dodatkowo w drugim budynku jest sala kominkowa ze sto\u0142em bilardowym lub do tenisa sto\u0142owego, a je\u015bli znudzi Ci si\u0119 przebywanie w domu lub sali kominkowej, to zapraszamy na \u015bwie\u017ce powietrze. Mo\u017cesz rozpali\u0107 ognisko. Ca\u0142y teren jest ogrodzony wi\u0119c spokojnie mo\u017cesz zabra\u0107 swojego pupila. Zarezerwuj termin,&hellip; <a class=\"more-link\" href=\"https:\/\/gesia-sielanka.pl\/?page_id=535\">Czytaj dalej <span class=\"screen-reader-text\">Informacje<\/span><\/a><\/p>\n","protected":false},"author":3,"featured_media":0,"parent":0,"menu_order":0,"comment_status":"closed","ping_status":"closed","template":"","meta":[],"_links":{"self":[{"href":"https:\/\/gesia-sielanka.pl\/index.php?rest_route=\/wp\/v2\/pages\/535"}],"collection":[{"href":"https:\/\/gesia-sielanka.pl\/index.php?rest_route=\/wp\/v2\/pages"}],"about":[{"href":"https:\/\/gesia-sielanka.pl\/index.php?rest_route=\/wp\/v2\/types\/page"}],"author":[{"embeddable":true,"href":"https:\/\/gesia-sielanka.pl\/index.php?rest_route=\/wp\/v2\/users\/3"}],"replies":[{"embeddable":true,"href":"https:\/\/gesia-sielanka.pl\/index.php?rest_route=%2Fwp%2Fv2%2Fcomments&post=535"}],"version-history":[{"count":6,"href":"https:\/\/gesia-sielanka.pl\/index.php?rest_route=\/wp\/v2\/pages\/535\/revisions"}],"predecessor-version":[{"id":975,"href":"https:\/\/gesia-sielanka.pl\/index.php?rest_route=\/wp\/v2\/pages\/535\/revisions\/975"}],"wp:attachment":[{"href":"https:\/\/gesia-sielanka.pl\/index.php?rest_route=%2Fwp%2Fv2%2Fmedia&parent=535"}],"curies":[{"name":"wp","href":"https:\/\/api.w.org\/{rel}","templated":true}]}}