{"id":553,"date":"2023-01-16T21:38:13","date_gmt":"2023-01-16T20:38:13","guid":{"rendered":"https:\/\/gesia-sielanka.pl\/?page_id=553"},"modified":"2023-01-28T22:00:06","modified_gmt":"2023-01-28T21:00:06","slug":"opinie","status":"publish","type":"page","link":"https:\/\/gesia-sielanka.pl\/?page_id=553","title":{"rendered":"Opinie"},"content":{"rendered":"\n<p>B\u0119dziemy bardzo wdzi\u0119czni za Pa\u0144stwa opinie i sugestie &#8211; dzi\u0119kujemy.<\/p>\n","protected":false},"excerpt":{"rendered":"<p>B\u0119dziemy bardzo wdzi\u0119czni za Pa\u0144stwa opinie i sugestie &#8211; dzi\u0119kujemy.<\/p>\n","protected":false},"author":3,"featured_media":0,"parent":0,"menu_order":0,"comment_status":"open","ping_status":"closed","template":"","meta":[],"_links":{"self":[{"href":"https:\/\/gesia-sielanka.pl\/index.php?rest_route=\/wp\/v2\/pages\/553"}],"collection":[{"href":"https:\/\/gesia-sielanka.pl\/index.php?rest_route=\/wp\/v2\/pages"}],"about":[{"href":"https:\/\/gesia-sielanka.pl\/index.php?rest_route=\/wp\/v2\/types\/page"}],"author":[{"embeddable":true,"href":"https:\/\/gesia-sielanka.pl\/index.php?rest_route=\/wp\/v2\/users\/3"}],"replies":[{"embeddable":true,"href":"https:\/\/gesia-sielanka.pl\/index.php?rest_route=%2Fwp%2Fv2%2Fcomments&post=553"}],"version-history":[{"count":5,"href":"https:\/\/gesia-sielanka.pl\/index.php?rest_route=\/wp\/v2\/pages\/553\/revisions"}],"predecessor-version":[{"id":692,"href":"https:\/\/gesia-sielanka.pl\/index.php?rest_route=\/wp\/v2\/pages\/553\/revisions\/692"}],"wp:attachment":[{"href":"https:\/\/gesia-sielanka.pl\/index.php?rest_route=%2Fwp%2Fv2%2Fmedia&parent=553"}],"curies":[{"name":"wp","href":"https:\/\/api.w.org\/{rel}","templated":true}]}}